{"id":12,"date":"2012-08-09T14:44:44","date_gmt":"2012-08-09T14:44:44","guid":{"rendered":"http:\/\/kronika.fei.tuke.sk\/?page_id=12"},"modified":"2023-01-10T11:18:44","modified_gmt":"2023-01-10T09:18:44","slug":"historia","status":"publish","type":"page","link":"https:\/\/kronika.fei.tuke.sk\/?page_id=12","title":{"rendered":"Hist\u00f3ria"},"content":{"rendered":"<p>T\u00e1to kronika zachyt\u00e1va v\u00fdznamn\u00e9 udalosti fakulty od za\u010diatku funk\u010dn\u00e9ho obdobia nov\u00e9ho Vedenia FEI TU v Ko\u0161iciach, t.j. od 1.2.2007.<\/p>\n","protected":false},"excerpt":{"rendered":"<p>T\u00e1to kronika zachyt\u00e1va v\u00fdznamn\u00e9 udalosti fakulty od za\u010diatku funk\u010dn\u00e9ho obdobia nov\u00e9ho Vedenia FEI TU v Ko\u0161iciach, t.j. od 1.2.2007.<\/p>\n","protected":false},"author":1,"featured_media":0,"parent":0,"menu_order":0,"comment_status":"open","ping_status":"open","template":"history.php","meta":[],"_links":{"self":[{"href":"https:\/\/kronika.fei.tuke.sk\/index.php?rest_route=\/wp\/v2\/pages\/12"}],"collection":[{"href":"https:\/\/kronika.fei.tuke.sk\/index.php?rest_route=\/wp\/v2\/pages"}],"about":[{"href":"https:\/\/kronika.fei.tuke.sk\/index.php?rest_route=\/wp\/v2\/types\/page"}],"author":[{"embeddable":true,"href":"https:\/\/kronika.fei.tuke.sk\/index.php?rest_route=\/wp\/v2\/users\/1"}],"replies":[{"embeddable":true,"href":"https:\/\/kronika.fei.tuke.sk\/index.php?rest_route=%2Fwp%2Fv2%2Fcomments&post=12"}],"version-history":[{"count":1,"href":"https:\/\/kronika.fei.tuke.sk\/index.php?rest_route=\/wp\/v2\/pages\/12\/revisions"}],"predecessor-version":[{"id":1833,"href":"https:\/\/kronika.fei.tuke.sk\/index.php?rest_route=\/wp\/v2\/pages\/12\/revisions\/1833"}],"wp:attachment":[{"href":"https:\/\/kronika.fei.tuke.sk\/index.php?rest_route=%2Fwp%2Fv2%2Fmedia&parent=12"}],"curies":[{"name":"wp","href":"https:\/\/api.w.org\/{rel}","templated":true}]}}